{"id":574,"date":"2026-01-28T18:04:22","date_gmt":"2026-01-28T17:04:22","guid":{"rendered":"https:\/\/hawks-properties-ibiza.com\/?page_id=574"},"modified":"2026-01-31T10:28:39","modified_gmt":"2026-01-31T09:28:39","slug":"cookierichtlinien","status":"publish","type":"page","link":"https:\/\/hawks-properties-ibiza.com\/es\/politica-de-cookies\/","title":{"rendered":"Pol\u00edtica de cookies"},"content":{"rendered":"<p>Conforme a lo dispuesto en el art\u00edculo 22.2 de la Ley 34\/2002, de 11 de julio, de Servicios de la Sociedad de la Informaci\u00f3n y de Comercio Electr\u00f3nico (LSSI-CE) vigente, Hawks SL.  debe cumplir con la obligaci\u00f3n de informar sobre las cookies que utiliza y sus finalidades.<br \/>\nEste sitio web utiliza cookies y\/o tecnolog\u00edas similares que almacenan y recuperan informaci\u00f3n cuando navegas. Las cookies permiten a una p\u00e1gina web, entre otras cosas, almacenar y recuperar informaci\u00f3n sobre los h\u00e1bitos de navegaci\u00f3n de un Usuario o de su equipo y, dependiendo de la informaci\u00f3n que contenga y de la forma en que utilice su equipo, pueden utilizarse para reconocer al Usuario.<br \/>\nLas cookies son esenciales para el funcionamiento de internet, aportando innumerables ventajas en la prestaci\u00f3n de servicios interactivos, facilit\u00e1ndole al Usuario la navegaci\u00f3n y usabilidad de nuestra web.<br \/>\nEl usuario puede modificar la configuraci\u00f3n personalizada AQU\u00cd.<br \/>\nLa informaci\u00f3n que le proporcionamos a continuaci\u00f3n le ayudar\u00e1 a comprender los diferentes tipos de cookies:<\/p>\n<h2>TIPOS DE COOKIES<\/h2>\n<p><strong>SEG\u00daN LA ENTIDAD QUE LAS GESTIONE<\/strong><br \/>\nCOOKIES PROPIAS<br \/>\nSon aquellas que se env\u00edan al equipo terminal del usuario desde un equipo o dominio gestionado por el propio editor y desde el que se presta el servicio solicitado por el usuario.<br \/>\nCOOKIES DE TERCERO<br \/>\nSon aquellas que se env\u00edan al equipo terminal del usuario desde un equipo o dominio que no es gestionado por el editor, sino por otra entidad que trata los datos obtenidos a trav\u00e9s de las cookies.<\/p>\n<p><strong>SEG\u00daN EL PLAZO DE TIEMPO QUE PERMANEZCAN ACTIVADAS<\/strong><br \/>\nCOOKIES DE SESI\u00d3N<br \/>\nSon aquellas dise\u00f1adas para recabar y almacenar datos mientras el usuario accede a una p\u00e1gina web. Se suelen emplear para almacenar informaci\u00f3n que solo interesa conservar para la prestaci\u00f3n del servicio solicitado por el usuario en una sola ocasi\u00f3n (por ejemplo, una lista de productos adquiridos) y desaparecen al terminar la sesi\u00f3n.<br \/>\nCOOKIES PERSISTENTES<br \/>\nSon aquellas en las que los datos siguen almacenados en el terminal y pueden ser accedidos y tratados durante un periodo definido por el responsable de la cookie, y que puede ir de unos minutos a varios a\u00f1os.<\/p>\n<p><strong>SEG\u00daN SU FINALIDAD<\/strong><br \/>\nCOOKIES T\u00c9CNICAS<br \/>\nSon aquellas que permiten al usuario la navegaci\u00f3n a trav\u00e9s de una p\u00e1gina web, plataforma o aplicaci\u00f3n y la utilizaci\u00f3n de las diferentes opciones o servicios que en ella existan<br \/>\nCOOKIES DE PERSONALIZACI\u00d3N<br \/>\nPermiten aplicar caracter\u00edsticas propias para la navegaci\u00f3n del usuario por el website (Ej. idioma).<br \/>\nCOOKIES DE AN\u00c1LISIS<br \/>\nSon aquellas que permiten al responsable de estas el seguimiento y an\u00e1lisis del comportamiento de los usuarios de los sitios web a los que est\u00e1n vinculadas, incluida la cuantificaci\u00f3n de los impactos de los anuncios. La informaci\u00f3n recogida mediante este tipo de cookies se utiliza en la medici\u00f3n de la actividad de los sitios web, aplicaci\u00f3n o plataforma, con el fin de introducir mejoras en funci\u00f3n del an\u00e1lisis de los datos de uso que hacen los usuarios del servicio.<br \/>\nCOOKIES PUBLICITARIAS<br \/>\nPermiten al editor incluir en la p\u00e1gina web espacios publicitarios, seg\u00fan el contenido de la propia web.<br \/>\nCOOKIES DE PUBLICIDAD COMPORTAMENTAL<br \/>\nSon aquellas que almacenan informaci\u00f3n del comportamiento de los usuarios obtenida a trav\u00e9s de la observaci\u00f3n continuada de sus h\u00e1bitos de navegaci\u00f3n, lo que permite desarrollar un perfil espec\u00edfico para mostrar publicidad en funci\u00f3n del mismo.<\/p>\n<p>Adicionalmente, Hawks SL.  informa de manera m\u00e1s detallada de las cookies que utiliza sus titulares, el uso o finalidad concreta, los plazos de conservaci\u00f3n, as\u00ed como de las posibles Transferencias Internacionales de datos de cada una de ellas utilizadas en nuestra p\u00e1gina web:<\/p>\n<h2>LISTA DE COOKIES<\/h2>\n<div class= \"cky-audit-table-element\"><\/div>\n<p>Puede informarse de las transferencias internacionales a terceros pa\u00edses que, en su caso, realizan los TERCEROS, identificados en esta pol\u00edtica de cookies, en sus correspondientes pol\u00edticas (hacer click<br \/>\nencima del titular de la cookie).<\/p>\n<p>Hawks SL.  informa de manera m\u00e1s exhaustiva la informaci\u00f3n relativa a las transferencias internacionales derivadas de la utilizaci\u00f3n de cookies propias:<\/p>\n<h2>TRANSFERENCIAS INTERNACIONALES<\/h2>\n<p>Titular Cookie Pa\u00eds de la transferencia R\u00e9gimen aplicado<\/p>\n<p>T\u00e9ngase en cuenta que, si acepta las cookies de terceros, deber\u00e1 eliminarlas desde las opciones del navegador o desde el sistema ofrecido por el propio tercero.<\/p>\n<p>A continuaci\u00f3n, le proporcionamos los enlaces de diversos navegadores, a trav\u00e9s de los cuales podr\u00e1 modificar la configuraci\u00f3n de su navegador sobre el uso de cookies:<br \/>\nFirefox: https:\/\/support.mozilla.org\/es\/kb\/cookies-informacion-que-los-sitios-web-guardan-en-<br \/>\nChrome: http:\/\/support.google.com\/chrome\/bin\/answer.py?hl=es&amp;answer=95647<br \/>\nInternet Explorer: http:\/\/windows.microsoft.com\/es-es\/internet-explorer\/delete-manage-cookies#ie=ie-10<br \/>\nMicrosoft Edge: https:\/\/support.microsoft.com\/es-es\/microsoft-edge\/eliminar-las-cookies-en-microsoft-edge-63947406-40ac-c3b8-57b9-2a946a29ae09<br \/>\nSafari: https:\/\/support.apple.com\/kb\/ph17191?locale=es_ES<br \/>\nOpera: https:\/\/help.opera.com\/en\/latest\/web-preferences\/#cookies<\/p>\n<p>Para conocer m\u00e1s informaci\u00f3n sobre el tratamiento de datos personales, le recomendamos visitar nuestro apartado \u201cPol\u00edtica de Privacidad\u201d.<\/p>\n<p>\u00daltima actualizaci\u00f3n: 30 de mayo de 2024<\/p>\n","protected":false},"excerpt":{"rendered":"<p>Conforme a lo dispuesto en el art\u00edculo 22.2 de la Ley 34\/2002, de 11 de julio, de Servicios [&hellip;]<\/p>\n","protected":false},"author":1,"featured_media":0,"parent":0,"menu_order":0,"comment_status":"closed","ping_status":"closed","template":"","meta":{"_acf_changed":false,"footnotes":""},"class_list":["post-574","page","type-page","status-publish","hentry"],"acf":[],"yoast_head":"<!-- This site is optimized with the Yoast SEO plugin v26.9 - https:\/\/yoast.com\/product\/yoast-seo-wordpress\/ -->\n<title>Pol\u00edtica de Cookies | HAWKS Properties Ibiza<\/title>\n<meta name=\"description\" content=\"Informaci\u00f3n sobre el uso de cookies en el sitio web de HAWKS Properties Ibiza para mejorar su experiencia de navegaci\u00f3n.\" \/>\n<meta name=\"robots\" content=\"noindex, follow\" \/>\n<meta property=\"og:locale\" content=\"es_ES\" \/>\n<meta property=\"og:type\" content=\"article\" \/>\n<meta property=\"og:title\" content=\"Pol\u00edtica de Cookies | HAWKS Properties Ibiza\" \/>\n<meta property=\"og:description\" content=\"Informaci\u00f3n sobre el uso de cookies en el sitio web de HAWKS Properties Ibiza para mejorar su experiencia de navegaci\u00f3n.\" \/>\n<meta property=\"og:url\" content=\"\/es\/\" \/>\n<meta property=\"og:site_name\" content=\"HAWKS Real Estate\" \/>\n<meta property=\"article:modified_time\" content=\"2026-01-31T09:28:39+00:00\" \/>\n<script type=\"application\/ld+json\" class=\"yoast-schema-graph\">{\"@context\":\"https:\/\/schema.org\",\"@graph\":[{\"@type\":\"WebPage\",\"@id\":\"https:\/\/hawks-properties-ibiza.com\/es\/cookierichtlinien\/\",\"url\":\"\/es\/\",\"name\":\"Pol\u00edtica de Cookies | HAWKS Properties Ibiza\",\"isPartOf\":{\"@id\":\"https:\/\/hawks-properties-ibiza.com\/es\/#website\"},\"datePublished\":\"2026-01-28T17:04:22+00:00\",\"dateModified\":\"2026-01-31T09:28:39+00:00\",\"description\":\"Informaci\u00f3n sobre el uso de cookies en el sitio web de HAWKS Properties Ibiza para mejorar su experiencia de navegaci\u00f3n.\",\"breadcrumb\":{\"@id\":\"\/es\/#breadcrumb\"},\"inLanguage\":\"es\",\"potentialAction\":[{\"@type\":\"ReadAction\",\"target\":[[\"\/es\/\"]]}]},{\"@type\":\"BreadcrumbList\",\"@id\":\"\/es\/#breadcrumb\",\"itemListElement\":[{\"@type\":\"ListItem\",\"position\":1,\"name\":\"Home\",\"item\":\"https:\/\/hawks-properties-ibiza.com\/es\/\"},{\"@type\":\"ListItem\",\"position\":2,\"name\":\"Cookierichtlinien\"}]},{\"@type\":\"WebSite\",\"@id\":\"https:\/\/hawks-properties-ibiza.com\/es\/#website\",\"url\":\"https:\/\/hawks-properties-ibiza.com\/es\/\",\"name\":\"HAWKS Real Estate\",\"description\":\"\",\"potentialAction\":[{\"@type\":\"SearchAction\",\"target\":{\"@type\":\"EntryPoint\",\"urlTemplate\":\"https:\/\/hawks-properties-ibiza.com\/es\/?s={search_term_string}\"},\"query-input\":{\"@type\":\"PropertyValueSpecification\",\"valueRequired\":true,\"valueName\":\"search_term_string\"}}],\"inLanguage\":\"es\"}]}<\/script>\n<!-- \/ Yoast SEO plugin. -->","yoast_head_json":{"title":"Pol\u00edtica de Cookies | HAWKS Properties Ibiza","description":"Informaci\u00f3n sobre el uso de cookies en el sitio web de HAWKS Properties Ibiza para mejorar su experiencia de navegaci\u00f3n.","robots":{"index":"noindex","follow":"follow"},"og_locale":"es_ES","og_type":"article","og_title":"Pol\u00edtica de Cookies | HAWKS Properties Ibiza","og_description":"Informaci\u00f3n sobre el uso de cookies en el sitio web de HAWKS Properties Ibiza para mejorar su experiencia de navegaci\u00f3n.","og_url":"\/es\/","og_site_name":"HAWKS Real Estate","article_modified_time":"2026-01-31T09:28:39+00:00","schema":{"@context":"https:\/\/schema.org","@graph":[{"@type":"WebPage","@id":"https:\/\/hawks-properties-ibiza.com\/es\/cookierichtlinien\/","url":"\/es\/","name":"Pol\u00edtica de Cookies | HAWKS Properties Ibiza","isPartOf":{"@id":"https:\/\/hawks-properties-ibiza.com\/es\/#website"},"datePublished":"2026-01-28T17:04:22+00:00","dateModified":"2026-01-31T09:28:39+00:00","description":"Informaci\u00f3n sobre el uso de cookies en el sitio web de HAWKS Properties Ibiza para mejorar su experiencia de navegaci\u00f3n.","breadcrumb":{"@id":"\/es\/#breadcrumb"},"inLanguage":"es","potentialAction":[{"@type":"ReadAction","target":[["\/es\/"]]}]},{"@type":"BreadcrumbList","@id":"\/es\/#breadcrumb","itemListElement":[{"@type":"ListItem","position":1,"name":"Home","item":"https:\/\/hawks-properties-ibiza.com\/es\/"},{"@type":"ListItem","position":2,"name":"Cookierichtlinien"}]},{"@type":"WebSite","@id":"https:\/\/hawks-properties-ibiza.com\/es\/#website","url":"https:\/\/hawks-properties-ibiza.com\/es\/","name":"HAWKS Real Estate","description":"","potentialAction":[{"@type":"SearchAction","target":{"@type":"EntryPoint","urlTemplate":"https:\/\/hawks-properties-ibiza.com\/es\/?s={search_term_string}"},"query-input":{"@type":"PropertyValueSpecification","valueRequired":true,"valueName":"search_term_string"}}],"inLanguage":"es"}]}},"_links":{"self":[{"href":"https:\/\/hawks-properties-ibiza.com\/es\/wp-json\/wp\/v2\/pages\/574","targetHints":{"allow":["GET"]}}],"collection":[{"href":"https:\/\/hawks-properties-ibiza.com\/es\/wp-json\/wp\/v2\/pages"}],"about":[{"href":"https:\/\/hawks-properties-ibiza.com\/es\/wp-json\/wp\/v2\/types\/page"}],"author":[{"embeddable":true,"href":"https:\/\/hawks-properties-ibiza.com\/es\/wp-json\/wp\/v2\/users\/1"}],"replies":[{"embeddable":true,"href":"https:\/\/hawks-properties-ibiza.com\/es\/wp-json\/wp\/v2\/comments?post=574"}],"version-history":[{"count":2,"href":"https:\/\/hawks-properties-ibiza.com\/es\/wp-json\/wp\/v2\/pages\/574\/revisions"}],"predecessor-version":[{"id":579,"href":"https:\/\/hawks-properties-ibiza.com\/es\/wp-json\/wp\/v2\/pages\/574\/revisions\/579"}],"wp:attachment":[{"href":"https:\/\/hawks-properties-ibiza.com\/es\/wp-json\/wp\/v2\/media?parent=574"}],"curies":[{"name":"wp","href":"https:\/\/api.w.org\/{rel}","templated":true}]}}